{"id":282,"date":"2024-03-08T14:26:40","date_gmt":"2024-03-08T13:26:40","guid":{"rendered":"https:\/\/artemistrailfestival.fr\/?page_id=282"},"modified":"2025-04-15T13:25:22","modified_gmt":"2025-04-15T11:25:22","slug":"gerer-les-cookies","status":"publish","type":"page","link":"https:\/\/artemistrailfestival.fr\/?page_id=282","title":{"rendered":"G\u00e9rer les cookies"},"content":{"rendered":"","protected":false},"excerpt":{"rendered":"","protected":false},"author":1,"featured_media":0,"parent":0,"menu_order":0,"comment_status":"closed","ping_status":"closed","template":"","meta":{"_acf_changed":false,"inline_featured_image":false,"footnotes":""},"class_list":["post-282","page","type-page","status-publish","hentry"],"acf":[],"yoast_head":"<!-- This site is optimized with the Yoast SEO plugin v24.9 - https:\/\/yoast.com\/wordpress\/plugins\/seo\/ -->\n<title>G\u00e9rer les cookies - Artemis Trail Festival<\/title>\n<meta name=\"description\" content=\"G\u00e9rez les cookies du site Art\u00e9mis Trail Festival selon vos pr\u00e9f\u00e9rences. Navigation, statistiques, s\u00e9curit\u00e9 : vous avez le contr\u00f4le.\" \/>\n<meta name=\"robots\" content=\"index, follow, max-snippet:-1, max-image-preview:large, max-video-preview:-1\" \/>\n<link rel=\"canonical\" href=\"https:\/\/artemistrailfestival.fr\/?page_id=282\" \/>\n<meta property=\"og:locale\" content=\"fr_FR\" \/>\n<meta property=\"og:type\" content=\"article\" \/>\n<meta property=\"og:title\" content=\"G\u00e9rer les cookies - Artemis Trail Festival\" \/>\n<meta property=\"og:description\" content=\"G\u00e9rez les cookies du site Art\u00e9mis Trail Festival selon vos pr\u00e9f\u00e9rences. Navigation, statistiques, s\u00e9curit\u00e9 : vous avez le contr\u00f4le.\" \/>\n<meta property=\"og:url\" content=\"https:\/\/artemistrailfestival.fr\/?page_id=282\" \/>\n<meta property=\"og:site_name\" content=\"Artemis Trail Festival\" \/>\n<meta property=\"article:publisher\" content=\"https:\/\/www.facebook.com\/profile.php?id=61551345136292\" \/>\n<meta property=\"article:modified_time\" content=\"2025-04-15T11:25:22+00:00\" \/>\n<meta name=\"twitter:card\" content=\"summary_large_image\" \/>\n<script type=\"application\/ld+json\" class=\"yoast-schema-graph\">{\"@context\":\"https:\/\/schema.org\",\"@graph\":[{\"@type\":\"WebPage\",\"@id\":\"https:\/\/artemistrailfestival.fr\/?page_id=282\",\"url\":\"https:\/\/artemistrailfestival.fr\/?page_id=282\",\"name\":\"G\u00e9rer les cookies - Artemis Trail Festival\",\"isPartOf\":{\"@id\":\"https:\/\/artemistrailfestival.fr\/#website\"},\"datePublished\":\"2024-03-08T13:26:40+00:00\",\"dateModified\":\"2025-04-15T11:25:22+00:00\",\"description\":\"G\u00e9rez les cookies du site Art\u00e9mis Trail Festival selon vos pr\u00e9f\u00e9rences. Navigation, statistiques, s\u00e9curit\u00e9 : vous avez le contr\u00f4le.\",\"breadcrumb\":{\"@id\":\"https:\/\/artemistrailfestival.fr\/?page_id=282#breadcrumb\"},\"inLanguage\":\"fr-FR\",\"potentialAction\":[{\"@type\":\"ReadAction\",\"target\":[\"https:\/\/artemistrailfestival.fr\/?page_id=282\"]}]},{\"@type\":\"BreadcrumbList\",\"@id\":\"https:\/\/artemistrailfestival.fr\/?page_id=282#breadcrumb\",\"itemListElement\":[{\"@type\":\"ListItem\",\"position\":1,\"name\":\"Accueil\",\"item\":\"https:\/\/artemistrailfestival.fr\/\"},{\"@type\":\"ListItem\",\"position\":2,\"name\":\"G\u00e9rer les cookies\"}]},{\"@type\":\"WebSite\",\"@id\":\"https:\/\/artemistrailfestival.fr\/#website\",\"url\":\"https:\/\/artemistrailfestival.fr\/\",\"name\":\"Artemis Trail Festival\",\"description\":\"\",\"publisher\":{\"@id\":\"https:\/\/artemistrailfestival.fr\/#organization\"},\"potentialAction\":[{\"@type\":\"SearchAction\",\"target\":{\"@type\":\"EntryPoint\",\"urlTemplate\":\"https:\/\/artemistrailfestival.fr\/?s={search_term_string}\"},\"query-input\":{\"@type\":\"PropertyValueSpecification\",\"valueRequired\":true,\"valueName\":\"search_term_string\"}}],\"inLanguage\":\"fr-FR\"},{\"@type\":\"Organization\",\"@id\":\"https:\/\/artemistrailfestival.fr\/#organization\",\"name\":\"Artemis Trail Festival\",\"url\":\"https:\/\/artemistrailfestival.fr\/\",\"logo\":{\"@type\":\"ImageObject\",\"inLanguage\":\"fr-FR\",\"@id\":\"https:\/\/artemistrailfestival.fr\/#\/schema\/logo\/image\/\",\"url\":\"https:\/\/artemistrailfestival.fr\/wp-content\/uploads\/2024\/03\/Logo-Artemis-dark-1-e1709822631340.png\",\"contentUrl\":\"https:\/\/artemistrailfestival.fr\/wp-content\/uploads\/2024\/03\/Logo-Artemis-dark-1-e1709822631340.png\",\"width\":498,\"height\":298,\"caption\":\"Artemis Trail Festival\"},\"image\":{\"@id\":\"https:\/\/artemistrailfestival.fr\/#\/schema\/logo\/image\/\"},\"sameAs\":[\"https:\/\/www.facebook.com\/profile.php?id=61551345136292\"]}]}<\/script>\n<!-- \/ Yoast SEO plugin. -->","yoast_head_json":{"title":"G\u00e9rer les cookies - Artemis Trail Festival","description":"G\u00e9rez les cookies du site Art\u00e9mis Trail Festival selon vos pr\u00e9f\u00e9rences. Navigation, statistiques, s\u00e9curit\u00e9 : vous avez le contr\u00f4le.","robots":{"index":"index","follow":"follow","max-snippet":"max-snippet:-1","max-image-preview":"max-image-preview:large","max-video-preview":"max-video-preview:-1"},"canonical":"https:\/\/artemistrailfestival.fr\/?page_id=282","og_locale":"fr_FR","og_type":"article","og_title":"G\u00e9rer les cookies - Artemis Trail Festival","og_description":"G\u00e9rez les cookies du site Art\u00e9mis Trail Festival selon vos pr\u00e9f\u00e9rences. Navigation, statistiques, s\u00e9curit\u00e9 : vous avez le contr\u00f4le.","og_url":"https:\/\/artemistrailfestival.fr\/?page_id=282","og_site_name":"Artemis Trail Festival","article_publisher":"https:\/\/www.facebook.com\/profile.php?id=61551345136292","article_modified_time":"2025-04-15T11:25:22+00:00","twitter_card":"summary_large_image","schema":{"@context":"https:\/\/schema.org","@graph":[{"@type":"WebPage","@id":"https:\/\/artemistrailfestival.fr\/?page_id=282","url":"https:\/\/artemistrailfestival.fr\/?page_id=282","name":"G\u00e9rer les cookies - Artemis Trail Festival","isPartOf":{"@id":"https:\/\/artemistrailfestival.fr\/#website"},"datePublished":"2024-03-08T13:26:40+00:00","dateModified":"2025-04-15T11:25:22+00:00","description":"G\u00e9rez les cookies du site Art\u00e9mis Trail Festival selon vos pr\u00e9f\u00e9rences. Navigation, statistiques, s\u00e9curit\u00e9 : vous avez le contr\u00f4le.","breadcrumb":{"@id":"https:\/\/artemistrailfestival.fr\/?page_id=282#breadcrumb"},"inLanguage":"fr-FR","potentialAction":[{"@type":"ReadAction","target":["https:\/\/artemistrailfestival.fr\/?page_id=282"]}]},{"@type":"BreadcrumbList","@id":"https:\/\/artemistrailfestival.fr\/?page_id=282#breadcrumb","itemListElement":[{"@type":"ListItem","position":1,"name":"Accueil","item":"https:\/\/artemistrailfestival.fr\/"},{"@type":"ListItem","position":2,"name":"G\u00e9rer les cookies"}]},{"@type":"WebSite","@id":"https:\/\/artemistrailfestival.fr\/#website","url":"https:\/\/artemistrailfestival.fr\/","name":"Artemis Trail Festival","description":"","publisher":{"@id":"https:\/\/artemistrailfestival.fr\/#organization"},"potentialAction":[{"@type":"SearchAction","target":{"@type":"EntryPoint","urlTemplate":"https:\/\/artemistrailfestival.fr\/?s={search_term_string}"},"query-input":{"@type":"PropertyValueSpecification","valueRequired":true,"valueName":"search_term_string"}}],"inLanguage":"fr-FR"},{"@type":"Organization","@id":"https:\/\/artemistrailfestival.fr\/#organization","name":"Artemis Trail Festival","url":"https:\/\/artemistrailfestival.fr\/","logo":{"@type":"ImageObject","inLanguage":"fr-FR","@id":"https:\/\/artemistrailfestival.fr\/#\/schema\/logo\/image\/","url":"https:\/\/artemistrailfestival.fr\/wp-content\/uploads\/2024\/03\/Logo-Artemis-dark-1-e1709822631340.png","contentUrl":"https:\/\/artemistrailfestival.fr\/wp-content\/uploads\/2024\/03\/Logo-Artemis-dark-1-e1709822631340.png","width":498,"height":298,"caption":"Artemis Trail Festival"},"image":{"@id":"https:\/\/artemistrailfestival.fr\/#\/schema\/logo\/image\/"},"sameAs":["https:\/\/www.facebook.com\/profile.php?id=61551345136292"]}]}},"_links":{"self":[{"href":"https:\/\/artemistrailfestival.fr\/index.php?rest_route=\/wp\/v2\/pages\/282","targetHints":{"allow":["GET"]}}],"collection":[{"href":"https:\/\/artemistrailfestival.fr\/index.php?rest_route=\/wp\/v2\/pages"}],"about":[{"href":"https:\/\/artemistrailfestival.fr\/index.php?rest_route=\/wp\/v2\/types\/page"}],"author":[{"embeddable":true,"href":"https:\/\/artemistrailfestival.fr\/index.php?rest_route=\/wp\/v2\/users\/1"}],"replies":[{"embeddable":true,"href":"https:\/\/artemistrailfestival.fr\/index.php?rest_route=%2Fwp%2Fv2%2Fcomments&post=282"}],"version-history":[{"count":1,"href":"https:\/\/artemistrailfestival.fr\/index.php?rest_route=\/wp\/v2\/pages\/282\/revisions"}],"predecessor-version":[{"id":283,"href":"https:\/\/artemistrailfestival.fr\/index.php?rest_route=\/wp\/v2\/pages\/282\/revisions\/283"}],"wp:attachment":[{"href":"https:\/\/artemistrailfestival.fr\/index.php?rest_route=%2Fwp%2Fv2%2Fmedia&parent=282"}],"curies":[{"name":"wp","href":"https:\/\/api.w.org\/{rel}","templated":true}]}}